{"id":419,"date":"2013-07-12T18:23:28","date_gmt":"2013-07-12T16:23:28","guid":{"rendered":"http:\/\/jmla.eu\/?page_id=419"},"modified":"2024-01-19T00:27:44","modified_gmt":"2024-01-18T23:27:44","slug":"publications","status":"publish","type":"page","link":"https:\/\/jmla.eu\/?page_id=419","title":{"rendered":".publications"},"content":{"rendered":"<h4>teaching+research projects<\/h4>\n<p><strong><a href=\"http:\/\/jmla.eu\/cvfolio\/Berkeley_CV_Research_SCREEN_JM.pdf\">LINK: full cv (updated 2016)<\/a><\/strong><\/p>\n<p><strong><em>Publications (updated mid 2020)<br \/>\n<\/em><\/strong><em>for more recent details, see\u00a0<\/em><em>research profiles:<\/em><strong><em><br \/>\n&#8211; <a href=\"https:\/\/ethz.academia.edu\/JamesMelsom\">academia.edu<\/a><br \/>\n&#8211;\u00a0<a href=\"https:\/\/www.researchgate.net\/profile\/James_Melsom\">researchgate<\/a><br \/>\n&#8211;\u00a0<a href=\"https:\/\/scholar.google.ch\/citations?hl=en&amp;user=sEvXJCQAAAAJ\">google scholar<\/a><br \/>\n&#8211; <a href=\"https:\/\/orcid.org\/0000-0001-6703-6743\">ORCiD<\/a><\/em><br \/>\n<\/strong><\/p>\n<p>[col size=&#8217;8\/16&#8242; pos=&#8217;first&#8217;]<br \/>\n<strong>Journal Articles and Book Chapters<\/strong><\/p>\n<p><span style=\"font-weight: 400;\">Melsom, J. 2020 Multi-scalar Geo-Landscape Models: Interfacing Geological Models\u00a0<\/span><span style=\"font-weight: 400;\">with Landscape Surface Data. In: Journal of Digital Landscape Architecture, 5-2020.\u00a0<\/span><span style=\"font-weight: 400;\">Wichmann Verlag, VDE VERLAG GMBH \u00b7 Berlin \u00b7 Offenbach. ISSN 2367-4253<\/span><\/p>\n<p><span style=\"font-weight: 400;\">Melsom, J., Fraguada, L. (2018) Book Chapter: Code Matters: Consequent Digital Tool <\/span><span style=\"font-weight: 400;\">Making In: Codify: Parametric and Computational Design in Landscape Architecture.\u00a0<\/span><span style=\"font-weight: 400;\">Bradley Cantrell &amp; Adam Mekies Ed., Routledge UK<\/span><\/p>\n<p><span style=\"font-weight: 400;\">Melsom, J. (2017) Onsite Analysis: Developing a comprehensive field-kit for landscape\u00a0<\/span><span style=\"font-weight: 400;\">architecture and spatial design. In: Peer-reviewed Proceedings Digital Landscape\u00a0 <\/span><span style=\"font-weight: 400;\">Architecture 2017. Wichmann Verlag, Offenbach<\/span><\/p>\n<p><span style=\"font-weight: 400;\">Girot, C., Hurkxkens, I., Melsom, J., Werner, P. (2016) Book Chapter:\u00a0 The Imposssible <\/span><span style=\"font-weight: 400;\">View of the Saint Gotthard, In: Der Gotthard \/ Il Gottardo : Landscape &#8211; Myths &#8211;\u00a0<\/span><span style=\"font-weight: 400;\">Technology, Burkhalter, M., Sumi, C. (Ed.) Scheidegger &amp; Spiess, Zurich, p.249-288<\/span><\/p>\n<p>Melsom, J. (2015): The Apparatus of the Invisible Landscape: Sensing Beyond Sight. In: Girot, C., Hurkxkens, I., Melsom, J., Konzett, J. et.al. ILA ETH Z\u00fcrich (Ed.): Field Instruments of Design, Pamphlet 18. GTA Verlag, Zurich<\/p>\n<p>Melsom, J. (2015) Chapter: Mapping and Refining the Site. In: Landscape Visualisation: Digital. Nadia Amoroso Ed. Routledge, London.<\/p>\n<p>Girot, C., Melsom, J. (2015) Chapter: Case Study &#8211; Recasting Jakarta: Processing the Plastic River. In: Landscape Visualisation: Digital. Nadia Amoroso Ed. Routledge, London.<\/p>\n<p>Girot, C., Melsom, J. (2014) The Return of the Aviators. In: Topos Magazine, Issue 86, p.102-107<\/p>\n<p>Koolhaas, R. (Ed.) et al. (2014) Gotthard Collatral Exhibition. In: Fundamentals &#8211; Catalogue of the 2014 Venice Architecture Biennale. La Biennale di Venezia, Venice<\/p>\n<p>Girot, C., Hoekstra, J., Melsom, J., Rossano, F., Shannon, K., et al. ILA ETH Z\u00fcrich (Ed.) (2012): Rising Waters, Shifting Lands. Pamphlet 16. GTA Verlag, Zurich.<\/p>\n<p>Girot, C., Hurxkxens, I., Kapellos, A., Melsom, J. (2011): Scales of Topology: New Landscape Perception in Advanced Visualization and Modeling Techniques. In: New Geographies, 4: Scales of the Earth, El Hadi Jazairy (Ed.), Harvard Graduate School of Design. p.156-163<\/p>\n<p>Girot, C., Rossano, F., Duner, I., ILA ETH Z\u00fcrich (Ed.) (2010): Sion-sur-Rh\u00f4ne &#8211; Un nouveau paysage pour la vall\u00e9e du Rh\u00f4ne \u00e0 Sion | Eine neue Landschaft f\u00fcr das Rhonetal in Sion, GTA Verlag, Zurich. (Content acknowledgements to LVML: Melsom J., Kapellos A.)<\/p>\n<p>Girot, C., Melsom, J., Kapellos, A. (2010): Iterative Landscapes. In: The Design of Material, Organism, and Minds: Different Understandings of Design, S. Konsorski-Lang and M. Hampe (Ed.) Springer Berlin Heidelberg. p.109-115<\/p>\n<p>Girot, C., Fricker P., Hofer, S., Marot, S., Melsom J., Oswald F., Parish, J., Ponte, A., ILA ETH Z\u00fcrich (Ed.) (2008): Upper Rhine Delta, MAS LA ETH, GTA Verlag, Zurich.<br \/>\n(Articles: Girot, C., Melsom J.: Process, Methodology. p. 8-11. Melsom. J: International Workshop. p. 32-33)<\/p>\n<p><strong>Conference Proceedings<\/strong><br \/>\nGirot, C., Hurkxkens, I., Melsom, J. (2015): Directed Deposition: Exploring the Roles of Simulation and Design in Erosion and Landslide Processes. In: Peer-Reviewed Proceedings ACADIA 2015: Designing the Anthropocene, Cincinnati, OH<\/p>\n<p>Fraguada, L., Melsom, J. (2014): Urban Pulse: The Application of Moving Sensor Networks in the Urban Environment: Strategies for Implementation and Implications for Landscape Design. In: Peer-reviewed Proceedings Digital Landscape Architecture 2014, ETH Zurich. Wichmann Verlag, Offenbach<\/p>\n<p>Fraguada, L., Girot, C., Melsom, J. (2013): Ambient Terrain: The Generation of Large-scale Landscape Site Data for Design Applications. In: Proceedings eCAADe 2013: Computation and Performance. Delft, NL<\/p>\n<p>Dubor, A., Fraguada, L., Melsom, J. (2013): Asynchronous Streams (workshop cluster leader). In: SmartGeometry 2013 Conference, smartgeometry.org (online only) Bartlett, UCL, London<\/p>\n<p>Fraguada, L., Girot, C., Melsom, J. (2012): Synchronous Horizons: Redefining spatial design in landscape architecture through ambient data collection and volumetric manipulation. In: Peer-Reviewed Proceedings ACADIA 2012: Synthetic Digital Ecologies, San Francisco<\/p>\n<p>Klein, T., Wissen Hayek, U., Neuenschwander, N., Melsom J., Gr\u00eat-Regamey, A. (2012): A Concept for Operationalizing Qualitative Factors Combining Sophisticated Visualization Workflows. In: Peer-reviewed Proceedings RealCorp 2012, 17th\u00a0International Conference on Urban Planning and Regional Development in the Information Society GeoMultimedia 2012<\/p>\n<p>Fricker, P., Melsom, J., Werner P. (2012): From reality to virtuality and back again: Teaching experience within a postgraduate study program in Landscape Architecture. In: Peer-reviewed Proceedings Digital Landscape Architecture 2012, Anhalt University of Applied Sciences. Wichmann Verlag, Offenbach<\/p>\n<p>Fricker, P., Girot, C., Kapellos, A., Melsom, J. (2011): Landscape Architecture Design Simulation: Using CNC Tools as Hands-On Tools. In: Buhmann\/Pietsch\/Kretzler (Eds.): Peer-reviewed Proceedings Digital Landscape Architecture 2011, Anhalt University of Applied Sciences. Wichmann Verlag, Offenbach<\/p>\n<p>Wissen Hayek, U., Melsom, J., Neuenschwander, N., Girot, C., Gr\u00eat-Regamey, A. (2011): Interdisciplinary studio for teaching 3D landscape visualization: lessons from the LVML. In: Buhmann\/Pietsch\/Kretzler (Eds.): Peer-reviewed Proceedings Digital Landscape Architecture 2011, Anhalt University of Applied Sciences. Wichmann Verlag, Offenbach<\/p>\n<p>Girot, C., Bernhard, M., Ebn\u00f6ther, Y., Fricker, P., Kapellos A., Melsom, J. (2010): Towards a meaningful Usage of Digital CNC Tools: Within the Field of large-scale Landscape Architecture. Peer-reviewed Proceedings of FUTURE CITIES 28th eCAADe Conference, ETH Zurich (Switzerland). Prize: Ivan Petrovic Award (2010), Presented by Pia Fricker<\/p>\n<p>Fricker, P., Girot, Hurkxkens, I., C., Kapellos, A.,Melsom, J. Werner, P., (2010) From Points to Project, New land surveying techniques and it\u2019s impact on topological landscape design and visualization (Poster). Peer-reviewed Proceedings Digital Landscape Architecture conference, Anhalt University of Applied Sciences, DE (Awarded Second Prize Posters)<\/p>\n<p>[\/col]<\/p>\n<p>[col size=&#8217;8\/16&#8242; pos=&#8217;last&#8217;]<\/p>\n<p><strong>Invited Talks, Presentations, Critiques<\/strong><br \/>\nInvited Lecture, Department of Urban Design, GSAPP, Columbia University, New York, Oct 2015<\/p>\n<p>Invited Lecture, Department of Architecture, Curtin University, Western Australia, Dec 2014<\/p>\n<p>Invited Lecture, Department of Landscape Architecture, Chulalongkorn University, Bangkok, Aug 2013<\/p>\n<p>Invited Lecture, Department of Architecture and Planning (Profs. Secchi+Mascino), Milano Politechnico, 24 May 2013<\/p>\n<p>Lectures, Landscape Architecture II (History+Theory of Landscape Architecture, ETHZ, April 2012\/2013<\/p>\n<p>Invited Lecture, Department of Landscape Architecture (Prof. Kondolf), Berkley UC, California, 22 Oct 2012<\/p>\n<p>Lecture, Landscape Architecture Methods, MAS Landschaft Entwicklung ETH, August 2009\/2011\/2013<\/p>\n<p>Design Critique, MLA Course KU Leuven, March 2007<\/p>\n<p>Design Critiques (Various) D.Arch ETHZ 2007-2014<\/p>\n<p><strong>Invited Workshops<\/strong><br \/>\nSmartgeometry 2013 Conference, Workshop Co-leader, Cluster (A)Synchronous Streams, with Luis Fraguada, Felipe Pacigueiro, Alex Debor, London, UK, 15-20 April, 2013<\/p>\n<p>MLA Design+Visualization Workshop<br \/>\nNUS, Singapore March 2012<\/p>\n<p>IBA Stadtumbau Dessau Invited Professional Workshop,<br \/>\nBauhaus Dessau DE 2008<\/p>\n<p>QUAP Professional Workshop, Projects Valdobiadene and Oderzo Treviso, IT 2006<\/p>\n<p><strong>Peer Review Invitations<\/strong><br \/>\nJournal of Urbanism, Routledge 2013<\/p>\n<p>Smart Geometry candidate selection, 2013<\/p>\n<p><strong>Published Landscape Architecture Projects<\/strong><br \/>\nHarvard Design Magazine, HDM36 &#8211; Design Studio Dordrecht, 2013<\/p>\n<p>Competition Proceedings, KVA Bern &#8211; 1st Prize, Stadt Bern, 2012<\/p>\n<p>Competition Proceedings, Aare Br\u00fccke &#8211; 3rd Prize, Stadt Aarau, 2010<\/p>\n<p>Competition Proceedings, Stockacker S\u00fcd &#8211; 4th Prize, Stadt Bern, 2008<\/p>\n<p>BD weekly, Olympic Park Overpass, London, 2007<\/p>\n<p>Valdobiadene, QUAP Workshop &#8211; 1st Prize, 2006<\/p>\n<p>Topos Magazine, Various works with Karres en Brands Landschaftsarchitekten, Issue 49, 2004<\/p>\n<p>[\/col]<\/p>\n","protected":false},"excerpt":{"rendered":"<p>teaching+research projects LINK: full cv (updated 2016) Publications (updated mid 2020) for more recent details, see\u00a0research profiles: &#8211; academia.edu &#8211;\u00a0researchgate &#8211;\u00a0google scholar &#8211; ORCiD [col size=&#8217;8\/16&#8242; pos=&#8217;first&#8217;] Journal Articles and Book Chapters Melsom, J. 2020 Multi-scalar Geo-Landscape Models: Interfacing Geological Models\u00a0with Landscape Surface Data. In: Journal of Digital Landscape Architecture, 5-2020.\u00a0Wichmann Verlag, VDE VERLAG GMBH \u00b7 Berlin \u00b7 Offenbach. ISSN 2367-4253 Melsom, J., Fraguada, L. (2018) Book Chapter: Code Matters: Consequent Digital Tool Making In: Codify: Parametric and Computational Design<a class=\"more-link\" href=\"https:\/\/jmla.eu\/?page_id=419\"><span data-hover=\"Read More\">Read More<\/span><\/a><\/p>\n","protected":false},"author":1,"featured_media":0,"parent":0,"menu_order":0,"comment_status":"closed","ping_status":"closed","template":"","meta":{"_monsterinsights_skip_tracking":false,"_monsterinsights_sitenote_active":false,"_monsterinsights_sitenote_note":"","_monsterinsights_sitenote_category":0,"footnotes":""},"yoast_head":"<!-- This site is optimized with the Yoast SEO plugin v21.8 - https:\/\/yoast.com\/wordpress\/plugins\/seo\/ -->\n<title>.publications - J M L A . E U<\/title>\n<meta name=\"robots\" content=\"index, follow, max-snippet:-1, max-image-preview:large, max-video-preview:-1\" \/>\n<link rel=\"canonical\" href=\"http:\/\/jmla.eu\/?page_id=419\" \/>\n<meta property=\"og:locale\" content=\"en_US\" \/>\n<meta property=\"og:type\" content=\"article\" \/>\n<meta property=\"og:title\" content=\".publications - J M L A . E U\" \/>\n<meta property=\"og:description\" content=\"teaching+research projects LINK: full cv (updated 2016) Publications (updated mid 2020) for more recent details, see\u00a0research profiles: &#8211; academia.edu &#8211;\u00a0researchgate &#8211;\u00a0google scholar &#8211; ORCiD [col size=&#8217;8\/16&#8242; pos=&#8217;first&#8217;] Journal Articles and Book Chapters Melsom, J. 2020 Multi-scalar Geo-Landscape Models: Interfacing Geological Models\u00a0with Landscape Surface Data. In: Journal of Digital Landscape Architecture, 5-2020.\u00a0Wichmann Verlag, VDE VERLAG GMBH \u00b7 Berlin \u00b7 Offenbach. ISSN 2367-4253 Melsom, J., Fraguada, L. (2018) Book Chapter: Code Matters: Consequent Digital Tool Making In: Codify: Parametric and Computational DesignRead More\" \/>\n<meta property=\"og:url\" content=\"http:\/\/jmla.eu\/?page_id=419\" \/>\n<meta property=\"og:site_name\" content=\"J M L A . E U\" \/>\n<meta property=\"article:modified_time\" content=\"2024-01-18T23:27:44+00:00\" \/>\n<meta name=\"twitter:card\" content=\"summary_large_image\" \/>\n<meta name=\"twitter:label1\" content=\"Est. reading time\" \/>\n\t<meta name=\"twitter:data1\" content=\"5 minutes\" \/>\n<script type=\"application\/ld+json\" class=\"yoast-schema-graph\">{\"@context\":\"https:\/\/schema.org\",\"@graph\":[{\"@type\":\"WebPage\",\"@id\":\"http:\/\/jmla.eu\/?page_id=419\",\"url\":\"http:\/\/jmla.eu\/?page_id=419\",\"name\":\".publications - J M L A . E U\",\"isPartOf\":{\"@id\":\"http:\/\/jmla.eu\/#website\"},\"datePublished\":\"2013-07-12T16:23:28+00:00\",\"dateModified\":\"2024-01-18T23:27:44+00:00\",\"breadcrumb\":{\"@id\":\"http:\/\/jmla.eu\/?page_id=419#breadcrumb\"},\"inLanguage\":\"en-US\",\"potentialAction\":[{\"@type\":\"ReadAction\",\"target\":[\"http:\/\/jmla.eu\/?page_id=419\"]}]},{\"@type\":\"BreadcrumbList\",\"@id\":\"http:\/\/jmla.eu\/?page_id=419#breadcrumb\",\"itemListElement\":[{\"@type\":\"ListItem\",\"position\":1,\"name\":\"Home\",\"item\":\"https:\/\/jmla.eu\/\"},{\"@type\":\"ListItem\",\"position\":2,\"name\":\".publications\"}]},{\"@type\":\"WebSite\",\"@id\":\"http:\/\/jmla.eu\/#website\",\"url\":\"http:\/\/jmla.eu\/\",\"name\":\"J M L A . E U\",\"description\":\"James Melsom Landschaftsarchitekt BSLA\",\"potentialAction\":[{\"@type\":\"SearchAction\",\"target\":{\"@type\":\"EntryPoint\",\"urlTemplate\":\"http:\/\/jmla.eu\/?s={search_term_string}\"},\"query-input\":\"required name=search_term_string\"}],\"inLanguage\":\"en-US\"}]}<\/script>\n<!-- \/ Yoast SEO plugin. -->","yoast_head_json":{"title":".publications - J M L A . E U","robots":{"index":"index","follow":"follow","max-snippet":"max-snippet:-1","max-image-preview":"max-image-preview:large","max-video-preview":"max-video-preview:-1"},"canonical":"http:\/\/jmla.eu\/?page_id=419","og_locale":"en_US","og_type":"article","og_title":".publications - J M L A . E U","og_description":"teaching+research projects LINK: full cv (updated 2016) Publications (updated mid 2020) for more recent details, see\u00a0research profiles: &#8211; academia.edu &#8211;\u00a0researchgate &#8211;\u00a0google scholar &#8211; ORCiD [col size=&#8217;8\/16&#8242; pos=&#8217;first&#8217;] Journal Articles and Book Chapters Melsom, J. 2020 Multi-scalar Geo-Landscape Models: Interfacing Geological Models\u00a0with Landscape Surface Data. In: Journal of Digital Landscape Architecture, 5-2020.\u00a0Wichmann Verlag, VDE VERLAG GMBH \u00b7 Berlin \u00b7 Offenbach. ISSN 2367-4253 Melsom, J., Fraguada, L. (2018) Book Chapter: Code Matters: Consequent Digital Tool Making In: Codify: Parametric and Computational DesignRead More","og_url":"http:\/\/jmla.eu\/?page_id=419","og_site_name":"J M L A . E U","article_modified_time":"2024-01-18T23:27:44+00:00","twitter_card":"summary_large_image","twitter_misc":{"Est. reading time":"5 minutes"},"schema":{"@context":"https:\/\/schema.org","@graph":[{"@type":"WebPage","@id":"http:\/\/jmla.eu\/?page_id=419","url":"http:\/\/jmla.eu\/?page_id=419","name":".publications - J M L A . E U","isPartOf":{"@id":"http:\/\/jmla.eu\/#website"},"datePublished":"2013-07-12T16:23:28+00:00","dateModified":"2024-01-18T23:27:44+00:00","breadcrumb":{"@id":"http:\/\/jmla.eu\/?page_id=419#breadcrumb"},"inLanguage":"en-US","potentialAction":[{"@type":"ReadAction","target":["http:\/\/jmla.eu\/?page_id=419"]}]},{"@type":"BreadcrumbList","@id":"http:\/\/jmla.eu\/?page_id=419#breadcrumb","itemListElement":[{"@type":"ListItem","position":1,"name":"Home","item":"https:\/\/jmla.eu\/"},{"@type":"ListItem","position":2,"name":".publications"}]},{"@type":"WebSite","@id":"http:\/\/jmla.eu\/#website","url":"http:\/\/jmla.eu\/","name":"J M L A . E U","description":"James Melsom Landschaftsarchitekt BSLA","potentialAction":[{"@type":"SearchAction","target":{"@type":"EntryPoint","urlTemplate":"http:\/\/jmla.eu\/?s={search_term_string}"},"query-input":"required name=search_term_string"}],"inLanguage":"en-US"}]}},"_links":{"self":[{"href":"https:\/\/jmla.eu\/index.php?rest_route=\/wp\/v2\/pages\/419"}],"collection":[{"href":"https:\/\/jmla.eu\/index.php?rest_route=\/wp\/v2\/pages"}],"about":[{"href":"https:\/\/jmla.eu\/index.php?rest_route=\/wp\/v2\/types\/page"}],"author":[{"embeddable":true,"href":"https:\/\/jmla.eu\/index.php?rest_route=\/wp\/v2\/users\/1"}],"replies":[{"embeddable":true,"href":"https:\/\/jmla.eu\/index.php?rest_route=%2Fwp%2Fv2%2Fcomments&post=419"}],"version-history":[{"count":23,"href":"https:\/\/jmla.eu\/index.php?rest_route=\/wp\/v2\/pages\/419\/revisions"}],"predecessor-version":[{"id":744,"href":"https:\/\/jmla.eu\/index.php?rest_route=\/wp\/v2\/pages\/419\/revisions\/744"}],"wp:attachment":[{"href":"https:\/\/jmla.eu\/index.php?rest_route=%2Fwp%2Fv2%2Fmedia&parent=419"}],"curies":[{"name":"wp","href":"https:\/\/api.w.org\/{rel}","templated":true}]}}